{"id":148,"date":"2025-05-04T02:20:33","date_gmt":"2025-05-03T23:20:33","guid":{"rendered":"https:\/\/locks-help.com\/schluesseldienst-montabaur\/?page_id=148"},"modified":"2025-05-04T02:20:33","modified_gmt":"2025-05-03T23:20:33","slug":"autoschluessel-nachmachen","status":"publish","type":"page","link":"https:\/\/locks-help.com\/schluesseldienst-montabaur\/autoschluessel-nachmachen\/","title":{"rendered":"Autoschl\u00fcssel nachmachen in Montabaur \u2013 schnell, sicher &#038; mobil"},"content":{"rendered":"<h2><span style=\"color: #0000ff; font-family: verdana, geneva, sans-serif;\">Autoschl\u00fcssel nachmachen in Montabaur \u2013 Vom Profi direkt vor Ort<\/span><\/h2>\n<p><span style=\"color: #000080; font-family: verdana, geneva, sans-serif;\"><img loading=\"lazy\" decoding=\"async\" class=\"size-thumbnail wp-image-69 alignleft\" src=\"http:\/\/locks-help.com\/schluesseldienst-montabaur\/wp-content\/uploads\/sites\/13\/2025\/05\/2021-02-05_211545-150x150.jpg\" alt=\"\" width=\"150\" height=\"150\" srcset=\"https:\/\/locks-help.com\/schluesseldienst-montabaur\/wp-content\/uploads\/sites\/13\/2025\/05\/2021-02-05_211545-150x150.jpg 150w, https:\/\/locks-help.com\/schluesseldienst-montabaur\/wp-content\/uploads\/sites\/13\/2025\/05\/2021-02-05_211545-250x250.jpg 250w, https:\/\/locks-help.com\/schluesseldienst-montabaur\/wp-content\/uploads\/sites\/13\/2025\/05\/2021-02-05_211545-174x174.jpg 174w, https:\/\/locks-help.com\/schluesseldienst-montabaur\/wp-content\/uploads\/sites\/13\/2025\/05\/2021-02-05_211545-300x300.jpg 300w, https:\/\/locks-help.com\/schluesseldienst-montabaur\/wp-content\/uploads\/sites\/13\/2025\/05\/2021-02-05_211545-100x100.jpg 100w\" sizes=\"auto, (max-width: 150px) 100vw, 150px\" \/>Sie ben\u00f6tigen einen Ersatzschl\u00fcssel f\u00fcr Ihr Auto? Unser <strong><a href=\"https:\/\/locks-help.com\/schluesseldienst-montabaur\" target=\"_blank\" rel=\"noopener\">mobiler Schl\u00fcsseldienst in Montabaur<\/a><\/strong> fertigt Autoschl\u00fcssel professionell und schnell \u2013 f\u00fcr fast alle Marken und Modelle, mit oder ohne Fernbedienung, auch mit Transponder oder Wegfahrsperre.<\/span><\/p>\n<h3><span style=\"color: #0000ff; font-family: verdana, geneva, sans-serif;\">Was wir anbieten:<\/span><\/h3>\n<ul>\n<li><span style=\"color: #000080; font-family: verdana, geneva, sans-serif;\">Nachmachen von Autoschl\u00fcsseln aller g\u00e4ngigen Marken<\/span><\/li>\n<li><span style=\"color: #000080; font-family: verdana, geneva, sans-serif;\">Transponderschl\u00fcssel &amp; Funkfernbedienung programmieren<\/span><\/li>\n<li><span style=\"color: #000080; font-family: verdana, geneva, sans-serif;\">Autoschl\u00fcssel ohne Original nach Code anfertigen<\/span><\/li>\n<li><span style=\"color: #000080; font-family: verdana, geneva, sans-serif;\">Schl\u00fcssel f\u00fcr \u00e4ltere &amp; neuere Fahrzeuge<\/span><\/li>\n<li><span style=\"color: #000080; font-family: verdana, geneva, sans-serif;\">Mobiler Vor-Ort-Service in ganz Montabaur und Umgebung<\/span><\/li>\n<\/ul>\n<h3><span style=\"color: #0000ff; font-family: verdana, geneva, sans-serif;\">Vorteile unseres Schl\u00fcsseldienstes:<\/span><\/h3>\n<ul style=\"list-style-type: square;\">\n<li><span style=\"color: #000080; font-family: verdana, geneva, sans-serif;\">Schnelle Fertigung \u2013 oft in wenigen Minuten<\/span><\/li>\n<li><span style=\"color: #000080; font-family: verdana, geneva, sans-serif;\">Moderne Schl\u00fcssel-Fr\u00e4stechnik &amp; Codiersysteme<\/span><\/li>\n<li><span style=\"color: #000080; font-family: verdana, geneva, sans-serif;\">Kein Werkstattbesuch n\u00f6tig \u2013 wir kommen zu Ihnen!<\/span><\/li>\n<li><span style=\"color: #000080; font-family: verdana, geneva, sans-serif;\">Transparente Preise &amp; fachgerechte Ausf\u00fchrung<\/span><\/li>\n<li><span style=\"color: #000080; font-family: verdana, geneva, sans-serif;\">24h Service \u2013 auch bei Schl\u00fcsselverlust oder Defekt<\/span><\/li>\n<\/ul>\n<p><span style=\"color: #000080; font-family: verdana, geneva, sans-serif;\"><span style=\"color: #0000ff;\">Typische Modelle, die wir bedienen:<\/span> VW, Audi, BMW, Mercedes, Opel, Peugeot, Renault, Ford, Skoda, Toyota, Fiat u.v.m.<\/span><\/p>\n<p><span style=\"color: #000080; font-family: verdana, geneva, sans-serif;\"><span style=\"color: #0000ff;\">Hinweis:<\/span> Selbst bei verlorenem Originalschl\u00fcssel k\u00f6nnen wir in vielen F\u00e4llen per Fahrzeugdaten einen neuen Schl\u00fcssel herstellen und anlernen.<\/span><\/p>\n<p><span style=\"color: #000080; font-family: verdana, geneva, sans-serif;\">Jetzt T<\/span><span style=\"color: #000080; font-family: verdana, geneva, sans-serif;\">ermin vereinbaren \u2013 wir machen Ihren Autoschl\u00fcssel in Montabaur nach!<\/span><\/p>\n","protected":false},"excerpt":{"rendered":"<p>Autoschl\u00fcssel nachmachen in Montabaur \u2013 Vom Profi direkt vor Ort Sie ben\u00f6tigen einen Ersatzschl\u00fcssel f\u00fcr Ihr Auto? Unser mobiler Schl\u00fcsseldienst in Montabaur fertigt Autoschl\u00fcssel professionell und schnell \u2013 f\u00fcr fast alle Marken und Modelle, mit oder ohne Fernbedienung, auch mit Transponder oder Wegfahrsperre. Was wir anbieten: Nachmachen von Autoschl\u00fcsseln aller g\u00e4ngigen Marken Transponderschl\u00fcssel &amp; Funkfernbedienung <a href=\"https:\/\/locks-help.com\/schluesseldienst-montabaur\/autoschluessel-nachmachen\/\" rel=\"nofollow\"><span class=\"sr-only\">Read more about Autoschl\u00fcssel nachmachen in Montabaur \u2013 schnell, sicher &#038; mobil<\/span>[&hellip;]<\/a><\/p>\n","protected":false},"author":1,"featured_media":0,"parent":0,"menu_order":0,"comment_status":"closed","ping_status":"closed","template":"","meta":{"footnotes":""},"class_list":["post-148","page","type-page","status-publish","hentry"],"yoast_head":"<!-- This site is optimized with the Yoast SEO plugin v25.6 - https:\/\/yoast.com\/wordpress\/plugins\/seo\/ -->\n<title>Autoschl\u00fcssel nachmachen in Montabaur \u2013 schnell, sicher &amp; mobil - schluesseldienst-montabaur<\/title>\n<meta name=\"robots\" content=\"index, follow, max-snippet:-1, max-image-preview:large, max-video-preview:-1\" \/>\n<link rel=\"canonical\" href=\"https:\/\/locks-help.com\/schluesseldienst-montabaur\/autoschluessel-nachmachen\/\" \/>\n<meta property=\"og:locale\" content=\"ru_RU\" \/>\n<meta property=\"og:type\" content=\"article\" \/>\n<meta property=\"og:title\" content=\"Autoschl\u00fcssel nachmachen in Montabaur \u2013 schnell, sicher &amp; mobil - schluesseldienst-montabaur\" \/>\n<meta property=\"og:description\" content=\"Autoschl\u00fcssel nachmachen in Montabaur \u2013 Vom Profi direkt vor Ort Sie ben\u00f6tigen einen Ersatzschl\u00fcssel f\u00fcr Ihr Auto? Unser mobiler Schl\u00fcsseldienst in Montabaur fertigt Autoschl\u00fcssel professionell und schnell \u2013 f\u00fcr fast alle Marken und Modelle, mit oder ohne Fernbedienung, auch mit Transponder oder Wegfahrsperre. Was wir anbieten: Nachmachen von Autoschl\u00fcsseln aller g\u00e4ngigen Marken Transponderschl\u00fcssel &amp; Funkfernbedienung Read more about Autoschl\u00fcssel nachmachen in Montabaur \u2013 schnell, sicher &#038; mobil[&hellip;]\" \/>\n<meta property=\"og:url\" content=\"https:\/\/locks-help.com\/schluesseldienst-montabaur\/autoschluessel-nachmachen\/\" \/>\n<meta property=\"og:site_name\" content=\"schluesseldienst-montabaur\" \/>\n<meta property=\"og:image\" content=\"http:\/\/locks-help.com\/schluesseldienst-montabaur\/wp-content\/uploads\/sites\/13\/2025\/05\/2021-02-05_211545-150x150.jpg\" \/>\n<meta name=\"twitter:card\" content=\"summary_large_image\" \/>\n<meta name=\"twitter:label1\" content=\"\u041f\u0440\u0438\u043c\u0435\u0440\u043d\u043e\u0435 \u0432\u0440\u0435\u043c\u044f \u0434\u043b\u044f \u0447\u0442\u0435\u043d\u0438\u044f\" \/>\n\t<meta name=\"twitter:data1\" content=\"1 \u043c\u0438\u043d\u0443\u0442\u0430\" \/>\n<script type=\"application\/ld+json\" class=\"yoast-schema-graph\">{\"@context\":\"https:\/\/schema.org\",\"@graph\":[{\"@type\":\"WebPage\",\"@id\":\"https:\/\/locks-help.com\/schluesseldienst-montabaur\/autoschluessel-nachmachen\/\",\"url\":\"https:\/\/locks-help.com\/schluesseldienst-montabaur\/autoschluessel-nachmachen\/\",\"name\":\"Autoschl\u00fcssel nachmachen in Montabaur \u2013 schnell, sicher & mobil - schluesseldienst-montabaur\",\"isPartOf\":{\"@id\":\"https:\/\/locks-help.com\/schluesseldienst-montabaur\/#website\"},\"primaryImageOfPage\":{\"@id\":\"https:\/\/locks-help.com\/schluesseldienst-montabaur\/autoschluessel-nachmachen\/#primaryimage\"},\"image\":{\"@id\":\"https:\/\/locks-help.com\/schluesseldienst-montabaur\/autoschluessel-nachmachen\/#primaryimage\"},\"thumbnailUrl\":\"http:\/\/locks-help.com\/schluesseldienst-montabaur\/wp-content\/uploads\/sites\/13\/2025\/05\/2021-02-05_211545-150x150.jpg\",\"datePublished\":\"2025-05-03T23:20:33+00:00\",\"breadcrumb\":{\"@id\":\"https:\/\/locks-help.com\/schluesseldienst-montabaur\/autoschluessel-nachmachen\/#breadcrumb\"},\"inLanguage\":\"ru-RU\",\"potentialAction\":[{\"@type\":\"ReadAction\",\"target\":[\"https:\/\/locks-help.com\/schluesseldienst-montabaur\/autoschluessel-nachmachen\/\"]}]},{\"@type\":\"ImageObject\",\"inLanguage\":\"ru-RU\",\"@id\":\"https:\/\/locks-help.com\/schluesseldienst-montabaur\/autoschluessel-nachmachen\/#primaryimage\",\"url\":\"https:\/\/locks-help.com\/schluesseldienst-montabaur\/wp-content\/uploads\/sites\/13\/2025\/05\/2021-02-05_211545.jpg\",\"contentUrl\":\"https:\/\/locks-help.com\/schluesseldienst-montabaur\/wp-content\/uploads\/sites\/13\/2025\/05\/2021-02-05_211545.jpg\",\"width\":455,\"height\":612},{\"@type\":\"BreadcrumbList\",\"@id\":\"https:\/\/locks-help.com\/schluesseldienst-montabaur\/autoschluessel-nachmachen\/#breadcrumb\",\"itemListElement\":[{\"@type\":\"ListItem\",\"position\":1,\"name\":\"\u0413\u043b\u0430\u0432\u043d\u0430\u044f \u0441\u0442\u0440\u0430\u043d\u0438\u0446\u0430\",\"item\":\"https:\/\/locks-help.com\/schluesseldienst-montabaur\/\"},{\"@type\":\"ListItem\",\"position\":2,\"name\":\"Autoschl\u00fcssel nachmachen in Montabaur \u2013 schnell, sicher &#038; mobil\"}]},{\"@type\":\"WebSite\",\"@id\":\"https:\/\/locks-help.com\/schluesseldienst-montabaur\/#website\",\"url\":\"https:\/\/locks-help.com\/schluesseldienst-montabaur\/\",\"name\":\"schluesseldienst-montabaur\",\"description\":\"\",\"publisher\":{\"@id\":\"https:\/\/locks-help.com\/schluesseldienst-montabaur\/#organization\"},\"potentialAction\":[{\"@type\":\"SearchAction\",\"target\":{\"@type\":\"EntryPoint\",\"urlTemplate\":\"https:\/\/locks-help.com\/schluesseldienst-montabaur\/?s={search_term_string}\"},\"query-input\":{\"@type\":\"PropertyValueSpecification\",\"valueRequired\":true,\"valueName\":\"search_term_string\"}}],\"inLanguage\":\"ru-RU\"},{\"@type\":\"Organization\",\"@id\":\"https:\/\/locks-help.com\/schluesseldienst-montabaur\/#organization\",\"name\":\"schluesseldienst-montabaur\",\"url\":\"https:\/\/locks-help.com\/schluesseldienst-montabaur\/\",\"logo\":{\"@type\":\"ImageObject\",\"inLanguage\":\"ru-RU\",\"@id\":\"https:\/\/locks-help.com\/schluesseldienst-montabaur\/#\/schema\/logo\/image\/\",\"url\":\"https:\/\/locks-help.com\/schluesseldienst-montabaur\/wp-content\/uploads\/sites\/13\/2025\/05\/2025-03-11_100948.jpg\",\"contentUrl\":\"https:\/\/locks-help.com\/schluesseldienst-montabaur\/wp-content\/uploads\/sites\/13\/2025\/05\/2025-03-11_100948.jpg\",\"width\":700,\"height\":150,\"caption\":\"schluesseldienst-montabaur\"},\"image\":{\"@id\":\"https:\/\/locks-help.com\/schluesseldienst-montabaur\/#\/schema\/logo\/image\/\"}}]}<\/script>\n<!-- \/ Yoast SEO plugin. -->","yoast_head_json":{"title":"Autoschl\u00fcssel nachmachen in Montabaur \u2013 schnell, sicher & mobil - schluesseldienst-montabaur","robots":{"index":"index","follow":"follow","max-snippet":"max-snippet:-1","max-image-preview":"max-image-preview:large","max-video-preview":"max-video-preview:-1"},"canonical":"https:\/\/locks-help.com\/schluesseldienst-montabaur\/autoschluessel-nachmachen\/","og_locale":"ru_RU","og_type":"article","og_title":"Autoschl\u00fcssel nachmachen in Montabaur \u2013 schnell, sicher & mobil - schluesseldienst-montabaur","og_description":"Autoschl\u00fcssel nachmachen in Montabaur \u2013 Vom Profi direkt vor Ort Sie ben\u00f6tigen einen Ersatzschl\u00fcssel f\u00fcr Ihr Auto? Unser mobiler Schl\u00fcsseldienst in Montabaur fertigt Autoschl\u00fcssel professionell und schnell \u2013 f\u00fcr fast alle Marken und Modelle, mit oder ohne Fernbedienung, auch mit Transponder oder Wegfahrsperre. Was wir anbieten: Nachmachen von Autoschl\u00fcsseln aller g\u00e4ngigen Marken Transponderschl\u00fcssel &amp; Funkfernbedienung Read more about Autoschl\u00fcssel nachmachen in Montabaur \u2013 schnell, sicher &#038; mobil[&hellip;]","og_url":"https:\/\/locks-help.com\/schluesseldienst-montabaur\/autoschluessel-nachmachen\/","og_site_name":"schluesseldienst-montabaur","og_image":[{"url":"http:\/\/locks-help.com\/schluesseldienst-montabaur\/wp-content\/uploads\/sites\/13\/2025\/05\/2021-02-05_211545-150x150.jpg","type":"","width":"","height":""}],"twitter_card":"summary_large_image","twitter_misc":{"\u041f\u0440\u0438\u043c\u0435\u0440\u043d\u043e\u0435 \u0432\u0440\u0435\u043c\u044f \u0434\u043b\u044f \u0447\u0442\u0435\u043d\u0438\u044f":"1 \u043c\u0438\u043d\u0443\u0442\u0430"},"schema":{"@context":"https:\/\/schema.org","@graph":[{"@type":"WebPage","@id":"https:\/\/locks-help.com\/schluesseldienst-montabaur\/autoschluessel-nachmachen\/","url":"https:\/\/locks-help.com\/schluesseldienst-montabaur\/autoschluessel-nachmachen\/","name":"Autoschl\u00fcssel nachmachen in Montabaur \u2013 schnell, sicher & mobil - schluesseldienst-montabaur","isPartOf":{"@id":"https:\/\/locks-help.com\/schluesseldienst-montabaur\/#website"},"primaryImageOfPage":{"@id":"https:\/\/locks-help.com\/schluesseldienst-montabaur\/autoschluessel-nachmachen\/#primaryimage"},"image":{"@id":"https:\/\/locks-help.com\/schluesseldienst-montabaur\/autoschluessel-nachmachen\/#primaryimage"},"thumbnailUrl":"http:\/\/locks-help.com\/schluesseldienst-montabaur\/wp-content\/uploads\/sites\/13\/2025\/05\/2021-02-05_211545-150x150.jpg","datePublished":"2025-05-03T23:20:33+00:00","breadcrumb":{"@id":"https:\/\/locks-help.com\/schluesseldienst-montabaur\/autoschluessel-nachmachen\/#breadcrumb"},"inLanguage":"ru-RU","potentialAction":[{"@type":"ReadAction","target":["https:\/\/locks-help.com\/schluesseldienst-montabaur\/autoschluessel-nachmachen\/"]}]},{"@type":"ImageObject","inLanguage":"ru-RU","@id":"https:\/\/locks-help.com\/schluesseldienst-montabaur\/autoschluessel-nachmachen\/#primaryimage","url":"https:\/\/locks-help.com\/schluesseldienst-montabaur\/wp-content\/uploads\/sites\/13\/2025\/05\/2021-02-05_211545.jpg","contentUrl":"https:\/\/locks-help.com\/schluesseldienst-montabaur\/wp-content\/uploads\/sites\/13\/2025\/05\/2021-02-05_211545.jpg","width":455,"height":612},{"@type":"BreadcrumbList","@id":"https:\/\/locks-help.com\/schluesseldienst-montabaur\/autoschluessel-nachmachen\/#breadcrumb","itemListElement":[{"@type":"ListItem","position":1,"name":"\u0413\u043b\u0430\u0432\u043d\u0430\u044f \u0441\u0442\u0440\u0430\u043d\u0438\u0446\u0430","item":"https:\/\/locks-help.com\/schluesseldienst-montabaur\/"},{"@type":"ListItem","position":2,"name":"Autoschl\u00fcssel nachmachen in Montabaur \u2013 schnell, sicher &#038; mobil"}]},{"@type":"WebSite","@id":"https:\/\/locks-help.com\/schluesseldienst-montabaur\/#website","url":"https:\/\/locks-help.com\/schluesseldienst-montabaur\/","name":"schluesseldienst-montabaur","description":"","publisher":{"@id":"https:\/\/locks-help.com\/schluesseldienst-montabaur\/#organization"},"potentialAction":[{"@type":"SearchAction","target":{"@type":"EntryPoint","urlTemplate":"https:\/\/locks-help.com\/schluesseldienst-montabaur\/?s={search_term_string}"},"query-input":{"@type":"PropertyValueSpecification","valueRequired":true,"valueName":"search_term_string"}}],"inLanguage":"ru-RU"},{"@type":"Organization","@id":"https:\/\/locks-help.com\/schluesseldienst-montabaur\/#organization","name":"schluesseldienst-montabaur","url":"https:\/\/locks-help.com\/schluesseldienst-montabaur\/","logo":{"@type":"ImageObject","inLanguage":"ru-RU","@id":"https:\/\/locks-help.com\/schluesseldienst-montabaur\/#\/schema\/logo\/image\/","url":"https:\/\/locks-help.com\/schluesseldienst-montabaur\/wp-content\/uploads\/sites\/13\/2025\/05\/2025-03-11_100948.jpg","contentUrl":"https:\/\/locks-help.com\/schluesseldienst-montabaur\/wp-content\/uploads\/sites\/13\/2025\/05\/2025-03-11_100948.jpg","width":700,"height":150,"caption":"schluesseldienst-montabaur"},"image":{"@id":"https:\/\/locks-help.com\/schluesseldienst-montabaur\/#\/schema\/logo\/image\/"}}]}},"_links":{"self":[{"href":"https:\/\/locks-help.com\/schluesseldienst-montabaur\/wp-json\/wp\/v2\/pages\/148","targetHints":{"allow":["GET"]}}],"collection":[{"href":"https:\/\/locks-help.com\/schluesseldienst-montabaur\/wp-json\/wp\/v2\/pages"}],"about":[{"href":"https:\/\/locks-help.com\/schluesseldienst-montabaur\/wp-json\/wp\/v2\/types\/page"}],"author":[{"embeddable":true,"href":"https:\/\/locks-help.com\/schluesseldienst-montabaur\/wp-json\/wp\/v2\/users\/1"}],"replies":[{"embeddable":true,"href":"https:\/\/locks-help.com\/schluesseldienst-montabaur\/wp-json\/wp\/v2\/comments?post=148"}],"version-history":[{"count":2,"href":"https:\/\/locks-help.com\/schluesseldienst-montabaur\/wp-json\/wp\/v2\/pages\/148\/revisions"}],"predecessor-version":[{"id":179,"href":"https:\/\/locks-help.com\/schluesseldienst-montabaur\/wp-json\/wp\/v2\/pages\/148\/revisions\/179"}],"wp:attachment":[{"href":"https:\/\/locks-help.com\/schluesseldienst-montabaur\/wp-json\/wp\/v2\/media?parent=148"}],"curies":[{"name":"wp","href":"https:\/\/api.w.org\/{rel}","templated":true}]}}